{"id":2,"date":"2014-10-30T11:51:21","date_gmt":"2014-10-30T11:51:21","guid":{"rendered":"http:\/\/to4art.net\/loczek\/?page_id=2"},"modified":"2014-10-30T11:51:21","modified_gmt":"2014-10-30T11:51:21","slug":"przykladowa-strona","status":"publish","type":"page","link":"http:\/\/to4art.net\/loczek\/przykladowa-strona\/","title":{"rendered":"Przyk\u0142adowa strona"},"content":{"rendered":"<p>To jest przyk\u0142ad\u00adowa strona. R\u00f3\u017cni si\u0119 ona od pos\u00adtu na blogu, poniewa\u017c pozostanie ona ci\u0105\u00adgle w jed\u00adnym miejs\u00adcu i poka\u017ce si\u0119 w pan\u00adelu naw\u00adiga\u00adcyjnym na two\u00adjej stron\u00adie (w przy\u00adpad\u00adku wi\u0119k\u00adszo\u015b\u00adci szablon\u00f3w). Wi\u0119k\u00adszo\u015b\u0107 os\u00f3b zaczy\u00adna od strony \u2018O mnie\u2019 lub \u2018O nas\u2019, kt\u00f3ra przed\u00adstaw\u00adia ich potenc\u00adjal\u00adnym odwiedza\u00adj\u0105\u00adcym stron\u0119. Mo\u017ce to by\u0107 co\u015b takiego:<\/p>\n<blockquote><p>Cze\u015b\u0107! Jestem kuri\u00aderem na row\u00aderze za dnia, noc\u0105 aktorem ama\u00adtorem, a to jest m\u00f3j blog. Mieszkam w Gda\u0144sku, mam wspani\u00ada\u0142ego psa o imie\u00adniu Azor i uwiel\u00adbi\u00adam pi\u00f1a colad\u0119. (Oraz to, kiedy \u0142apie mnie deszcz.)<\/p><\/blockquote>\n<p>\u2026lub co\u015b bardziej jak&nbsp;to:<\/p>\n<blockquote><p>Fir\u00adma <span class=\"caps\">XYZ<\/span> zosta\u0142a za\u0142o\u017cona w 1971 roku i od tamtej pory wyt\u00adwarza najlep\u00adszej jako\u015b\u00adci wijaster na rynku. Zlokali\u00adzowana w Pacanowie zatrud\u00adnia pon\u00adad 2000 os\u00f3b i jest powo\u00addem samego dobrodziejst\u00adwa dla lokalnej spo\u0142eczno\u015bci.<\/p><\/blockquote>\n<p>Jako nowy u\u017cytkowni Word\u00adPres\u00adsa, powiniene\u015b odwiedz\u00adi\u0107 <a href=\"http:\/\/to4art.net\/loczek\/wp-admin\/\">sw\u00f3j pan\u00adel admin\u00adis\u00adtra\u00adcyjny<\/a>, aby ska\u00adsowa\u0107 t\u0119 stron\u0119 i stworzy\u0107 nowe, dos\u00adtosowane do Twoich potrzeb strony. Mi\u0142ej zabawy!<\/p>\n","protected":false},"excerpt":{"rendered":"<p>To jest przyk\u0142ad\u00adowa strona. R\u00f3\u017cni si\u0119 ona od pos\u00adtu na blogu, poniewa\u017c pozostanie ona ci\u0105\u00adgle w jed\u00adnym miejs\u00adcu i poka\u017ce si\u0119 w pan\u00adelu naw\u00adiga\u00adcyjnym na two\u00adjej stron\u00adie (w przy\u00adpad\u00adku wi\u0119k\u00adszo\u015b\u00adci szablon\u00f3w). Wi\u0119k\u00adszo\u015b\u0107 os\u00f3b zaczy\u00adna od strony \u2018O mnie\u2019 lub \u2018O nas\u2019, kt\u00f3ra przed\u00adstaw\u00adia ich potenc\u00adjal\u00adnym odwiedza\u00adj\u0105\u00adcym stron\u0119. Mo\u017ce to by\u0107 co\u015b takiego: Cze\u015b\u0107! Jestem kurierem&nbsp;[\u2026]<\/p>\n","protected":false},"author":1,"featured_media":0,"parent":0,"menu_order":0,"comment_status":"open","ping_status":"open","template":"","meta":{"wp_typography_post_enhancements_disabled":false,"footnotes":""},"_links":{"self":[{"href":"http:\/\/to4art.net\/loczek\/wp-json\/wp\/v2\/pages\/2"}],"collection":[{"href":"http:\/\/to4art.net\/loczek\/wp-json\/wp\/v2\/pages"}],"about":[{"href":"http:\/\/to4art.net\/loczek\/wp-json\/wp\/v2\/types\/page"}],"author":[{"embeddable":true,"href":"http:\/\/to4art.net\/loczek\/wp-json\/wp\/v2\/users\/1"}],"replies":[{"embeddable":true,"href":"http:\/\/to4art.net\/loczek\/wp-json\/wp\/v2\/comments?post=2"}],"version-history":[{"count":0,"href":"http:\/\/to4art.net\/loczek\/wp-json\/wp\/v2\/pages\/2\/revisions"}],"wp:attachment":[{"href":"http:\/\/to4art.net\/loczek\/wp-json\/wp\/v2\/media?parent=2"}],"curies":[{"name":"wp","href":"https:\/\/api.w.org\/{rel}","templated":true}]}}